
{"id":445,"date":"2017-10-03T15:25:35","date_gmt":"2017-10-03T13:25:35","guid":{"rendered":"https:\/\/www.hlr-praline.com\/mentions-legales\/"},"modified":"2022-11-02T11:54:48","modified_gmt":"2022-11-02T10:54:48","slug":"mentions-legales","status":"publish","type":"page","link":"https:\/\/www.hlr-praline.com\/en\/mentions-legales\/","title":{"rendered":"Mentions L\u00e9gales"},"content":{"rendered":"<h3>Soci\u00e9t\u00e9 HLR PRALINE<\/h3>\n<p>Le site internet HLR-PRALINE.COM est un site \u00e9dit\u00e9 par la soci\u00e9t\u00e9 HLR PRALINE \u2013 dont le si\u00e8ge social est situ\u00e9 : Z.I. La Couture Lagny-le-Sec \u2013 B.P. 20051 \u2013 60674 Le Plessis Belleville \u2013 Cedex France<\/p>\n<p>Capital : 216 000 \u20ac<br \/>\nSIREN : 303875074<\/p>\n<p>&nbsp;<\/p>\n<h3>Informations g\u00e9n\u00e9rales<\/h3>\n<p><strong>Repr\u00e9sentant l\u00e9gal et directeur de la publication<\/strong><\/p>\n<p>Le repr\u00e9sentant l\u00e9gal de la soci\u00e9t\u00e9 HLR Praline et le directeur de la publication est M. Antoine CHARRIER<\/p>\n<p>Pour contacter la soci\u00e9t\u00e9 :<\/p>\n<p><a href=\"mailto:contact@hlr-praline.com\">contact@hlr-praline.com<\/a><\/p>\n<p><strong>Conception \u2013 D\u00e9veloppement\u00a0\u2013 Int\u00e9gration :<\/strong><\/p>\n<p><a href=\"http:\/\/www.ocomdesign.com\/\"><strong>Agence OcomDesign<\/strong><\/a><br \/>\n112 rue de Menilmontant<br \/>\n75020 Paris<br \/>\n<a href=\"http:\/\/www.ocomdesign.com\/\">www.ocomdesign.com<\/a><\/p>\n<p><strong>H\u00e9bergement<\/strong><\/p>\n<p>OVH SAS au capital de 500 k\u20ac RCS Roubaix \u2013 Tourcoing 424 761 419 00011 suivi par <a href=\"http:\/\/www.licom-developpement.com\" target=\"_blank\" rel=\"noopener\">Licom D\u00e9veloppement<\/a><\/p>\n<p>&nbsp;<\/p>\n<h3>Droits de propri\u00e9t\u00e9 intellectuelle<\/h3>\n<p>L\u2019ensemble du contenu de ce site est r\u00e9gi par le code de la Propri\u00e9t\u00e9 Intellectuelle.<\/p>\n<p>La pr\u00e9sentation et le contenu du pr\u00e9sent site constituent une \u0153uvre prot\u00e9g\u00e9e par les lois en vigueur sur la propri\u00e9t\u00e9 intellectuelle, dont la soci\u00e9t\u00e9 HLR Praline est titulaire.<\/p>\n<p>Les d\u00e9nominations ou appellations, les photos, slogans, logos, noms des marques, t\u00e9moignages\u2026 sont cit\u00e9s soit avec l\u2019autorisation de leur titulaire, soit comme simple indication de produits ou services.<\/p>\n<p>Les photographies, textes, slogans, dessins, mod\u00e8les, images, s\u00e9quences anim\u00e9es sonores ou non, ainsi que toutes \u0153uvres int\u00e9gr\u00e9es dans le site sont donc la propri\u00e9t\u00e9 de la soci\u00e9t\u00e9 HLR Praline ou de tiers ayant autoris\u00e9 le nom du client \u00e0 les utiliser.<\/p>\n<p>&nbsp;<\/p>\n<h3>Cr\u00e9dit photo<\/h3>\n<p>HLR Praline, Adobe Stock, ShutterStock, Pixabay<\/p>\n<p>Les reproductions, sur un support papier ou informatique du site et des \u00e9l\u00e9ments qui y sont reproduits sont autoris\u00e9es sous r\u00e9serve qu\u2019elles soient strictement r\u00e9serv\u00e9es \u00e0 un usage personnel excluant tout usage \u00e0 des fins publicitaires et\/ou commerciales et\/ou d\u2019information et\/ou qu\u2019elles soient conformes aux dispositions de l\u2019article L. 122-5 du Code de la Propri\u00e9t\u00e9 Intellectuelle.<\/p>\n<p>\u00c0 l\u2019exception des dispositions ci-dessus, toute reproduction, repr\u00e9sentation, utilisation ou modification, par quelque proc\u00e9d\u00e9 que ce soit et sur quelque support que ce soit, de tout ou partie du site, de tout ou partie des diff\u00e9rentes \u0153uvres et mod\u00e8les de produits qui le composent, sans avoir obtenu l\u2019autorisation pr\u00e9alable de la soci\u00e9t\u00e9 HLR Praline, est strictement interdite et constitue un d\u00e9lit de contrefa\u00e7on puni de deux ans d\u2019emprisonnement et de 150 000 euros d\u2019amende.<\/p>\n<p>&nbsp;<\/p>\n<h3>Informations sur les produits et services<\/h3>\n<p>Ce site constitue une pr\u00e9sentation g\u00e9n\u00e9rale de la gamme des produits et services de la soci\u00e9t\u00e9 HLR Praline. Les informations textuelles, photographiques ou autres qui y sont pr\u00e9sent\u00e9es ont un caract\u00e8re g\u00e9n\u00e9ral purement informatif et ne sauraient constituer un document contractuel susceptible de fonder une quelconque action en justice.<\/p>\n<p>La soci\u00e9t\u00e9 HLR Praline se r\u00e9serve le droit de modifier les informations figurant dans le pr\u00e9sent site, notamment relatives aux caract\u00e9ristiques techniques des produits pr\u00e9sent\u00e9s, \u00e0 tout moment, sans pr\u00e9avis, compte tenu de l\u2019interactivit\u00e9 du site, sans que cela puisse engager la responsabilit\u00e9 du nom du client.<\/p>\n<p>Les photos des produits sont non contractuelles et les caract\u00e9ristiques techniques sujettes \u00e0 \u00e9volution.<\/p>\n<p>&nbsp;<\/p>\n<h3>Donn\u00e9es personnelles et autres donn\u00e9es<\/h3>\n<p>\u00ab Cookies \u00bb<\/p>\n<p>Lors de votre visite sur notre site, nous sommes susceptibles d\u2019implanter un cookie dans votre ordinateur. Un cookie est un petit bloc de donn\u00e9es envoy\u00e9 \u00e0 votre navigateur par un serveur web et stock\u00e9 sur le disque dur de votre ordinateur. Le cookie ne nous permet pas de vous identifier personnellement. De mani\u00e8re g\u00e9n\u00e9rale, il nous permet d\u2019enregistrer des informations relatives \u00e0 la navigation de votre ordinateur sur notre site (le pays et la langue choisie, etc.). Ces informations seront lues lors de vos visites ult\u00e9rieures afin de faciliter votre navigation.<\/p>\n<p>Vous pouvez naturellement vous opposer \u00e0 l\u2019enregistrement de cookies en configurant votre navigateur.<\/p>\n<p>Vous pouvez \u00e9galement supprimer les cookies \u00e0 tout moment et individuellement en vous rapportant au manuel d\u2019utilisation de votre ordinateur.<\/p>\n<p>&nbsp;<\/p>\n<h3>Liens hypertextes<\/h3>\n<p>La mise en place d\u2019un lien hypertexte vers le site adresse du site n\u00e9cessite une autorisation pr\u00e9alable \u00e9crite de nom du client. Si vous souhaitez mettre en place un lien hypertexte vers notre site, vous devez en cons\u00e9quence prendre contact avec le repr\u00e9sentant l\u00e9gal de la soci\u00e9t\u00e9 HLR Praline.<\/p>\n<p>La soci\u00e9t\u00e9 HLR Praline ne peut en aucun cas \u00eatre tenue pour responsable des sites ayant un lien hypertexte avec le pr\u00e9sent site et d\u00e9cline toute responsabilit\u00e9 quant \u00e0 leur contenu et \u00e0 leur utilisation.<\/p>\n<p>&nbsp;<\/p>\n<h3>Limitation de responsabilit\u00e9<\/h3>\n<p>L\u2019utilisateur utilise le site \u00e0 ses seuls risques. En aucun cas, ni le nom du client, ni ses filiales, ni les membres de son r\u00e9seau ne pourront \u00eatre tenus responsables des dommages directs ou indirects, et notamment pr\u00e9judice mat\u00e9riel, perte de donn\u00e9es ou de programme, pr\u00e9judice financier, r\u00e9sultant de l\u2019acc\u00e8s ou de l\u2019utilisation de ce site ou de tous sites qui lui sont li\u00e9s. Le contenu du site est pr\u00e9sent\u00e9 sans aucune garantie de quelque nature que ce soit.<\/p>\n<p>Les informations sur les mod\u00e8les et leurs caract\u00e9ristiques correspondent \u00e0 une d\u00e9finition au moment de la mise en ligne ou des mises \u00e0 jour des diff\u00e9rentes pages du site ; elles ne sont donn\u00e9es qu\u2019\u00e0 titre indicatif et ne sauraient \u00eatre consid\u00e9r\u00e9es comme constituant une offre contractuelle de produits ou services \u00e9manant de nom du client. Des erreurs ou omissions peuvent survenir : en cas de relation contractuelle ou commerciale, seul le devis adress\u00e9 au client fait foi.<\/p>\n<p>&nbsp;<\/p>\n<h3>Droit applicable<\/h3>\n<p>Les pr\u00e9sentes Conditions G\u00e9n\u00e9rales sont soumises au droit interne fran\u00e7ais. La langue des Conditions G\u00e9n\u00e9rales est la langue fran\u00e7aise. En cas de litige, les tribunaux fran\u00e7ais seront seuls comp\u00e9tents. Le tribunal dont d\u00e9pend HLR Praline est le tribunal de Paris.<\/p>\n<p>&nbsp;<\/p>\n<h3>Mise \u00e0 jour des mentions l\u00e9gales<\/h3>\n<p>La soci\u00e9t\u00e9 HLR Praline se r\u00e9serve le droit de modifier et mettre \u00e0 jour \u00e0 tout moment l\u2019acc\u00e8s au site ainsi que les mentions l\u00e9gales.<\/p>\n","protected":false},"excerpt":{"rendered":"<p>Soci\u00e9t\u00e9 HLR PRALINE Le site internet HLR-PRALINE.COM est un site \u00e9dit\u00e9 par la soci\u00e9t\u00e9 HLR<span class=\"excerpt-hellip\"> [\u2026]<\/span><\/p>\n","protected":false},"author":1,"featured_media":0,"parent":0,"menu_order":0,"comment_status":"closed","ping_status":"closed","template":"","meta":[],"yoast_head":"<!-- This site is optimized with the Yoast SEO plugin v21.7 - https:\/\/yoast.com\/wordpress\/plugins\/seo\/ -->\n<title>HLR Praline | Mentions L\u00e9gales<\/title>\n<meta name=\"robots\" content=\"index, follow, max-snippet:-1, max-image-preview:large, max-video-preview:-1\" \/>\n<link rel=\"canonical\" href=\"https:\/\/www.hlr-praline.com\/en\/mentions-legales\/\" \/>\n<meta property=\"og:locale\" content=\"en_US\" \/>\n<meta property=\"og:type\" content=\"article\" \/>\n<meta property=\"og:title\" content=\"HLR Praline | Mentions L\u00e9gales\" \/>\n<meta property=\"og:description\" content=\"Soci\u00e9t\u00e9 HLR PRALINE Le site internet HLR-PRALINE.COM est un site \u00e9dit\u00e9 par la soci\u00e9t\u00e9 HLR [\u2026]\" \/>\n<meta property=\"og:url\" content=\"https:\/\/www.hlr-praline.com\/en\/mentions-legales\/\" \/>\n<meta property=\"og:site_name\" content=\"HLR Praline\" \/>\n<meta property=\"article:modified_time\" content=\"2022-11-02T10:54:48+00:00\" \/>\n<meta property=\"og:image\" content=\"https:\/\/www.hlr-praline.com\/wp-content\/uploads\/2022\/07\/IE-hlr-praline.jpg\" \/>\n\t<meta property=\"og:image:width\" content=\"1200\" \/>\n\t<meta property=\"og:image:height\" content=\"630\" \/>\n\t<meta property=\"og:image:type\" content=\"image\/jpeg\" \/>\n<meta name=\"twitter:card\" content=\"summary_large_image\" \/>\n<meta name=\"twitter:label1\" content=\"Est. reading time\" \/>\n\t<meta name=\"twitter:data1\" content=\"5 minutes\" \/>\n<script type=\"application\/ld+json\" class=\"yoast-schema-graph\">{\"@context\":\"https:\/\/schema.org\",\"@graph\":[{\"@type\":\"WebPage\",\"@id\":\"https:\/\/www.hlr-praline.com\/en\/mentions-legales\/\",\"url\":\"https:\/\/www.hlr-praline.com\/en\/mentions-legales\/\",\"name\":\"HLR Praline | Mentions L\u00e9gales\",\"isPartOf\":{\"@id\":\"https:\/\/www.hlr-praline.com\/#website\"},\"datePublished\":\"2017-10-03T13:25:35+00:00\",\"dateModified\":\"2022-11-02T10:54:48+00:00\",\"breadcrumb\":{\"@id\":\"https:\/\/www.hlr-praline.com\/en\/mentions-legales\/#breadcrumb\"},\"inLanguage\":\"en-US\",\"potentialAction\":[{\"@type\":\"ReadAction\",\"target\":[\"https:\/\/www.hlr-praline.com\/en\/mentions-legales\/\"]}]},{\"@type\":\"BreadcrumbList\",\"@id\":\"https:\/\/www.hlr-praline.com\/en\/mentions-legales\/#breadcrumb\",\"itemListElement\":[{\"@type\":\"ListItem\",\"position\":1,\"name\":\"Home\",\"item\":\"https:\/\/www.hlr-praline.com\/en\/\"},{\"@type\":\"ListItem\",\"position\":2,\"name\":\"Mentions L\u00e9gales\"}]},{\"@type\":\"WebSite\",\"@id\":\"https:\/\/www.hlr-praline.com\/#website\",\"url\":\"https:\/\/www.hlr-praline.com\/\",\"name\":\"HLR Praline\",\"description\":\"\",\"potentialAction\":[{\"@type\":\"SearchAction\",\"target\":{\"@type\":\"EntryPoint\",\"urlTemplate\":\"https:\/\/www.hlr-praline.com\/?s={search_term_string}\"},\"query-input\":\"required name=search_term_string\"}],\"inLanguage\":\"en-US\"}]}<\/script>\n<!-- \/ Yoast SEO plugin. -->","yoast_head_json":{"title":"HLR Praline | Mentions L\u00e9gales","robots":{"index":"index","follow":"follow","max-snippet":"max-snippet:-1","max-image-preview":"max-image-preview:large","max-video-preview":"max-video-preview:-1"},"canonical":"https:\/\/www.hlr-praline.com\/en\/mentions-legales\/","og_locale":"en_US","og_type":"article","og_title":"HLR Praline | Mentions L\u00e9gales","og_description":"Soci\u00e9t\u00e9 HLR PRALINE Le site internet HLR-PRALINE.COM est un site \u00e9dit\u00e9 par la soci\u00e9t\u00e9 HLR [\u2026]","og_url":"https:\/\/www.hlr-praline.com\/en\/mentions-legales\/","og_site_name":"HLR Praline","article_modified_time":"2022-11-02T10:54:48+00:00","og_image":[{"width":1200,"height":630,"url":"https:\/\/www.hlr-praline.com\/wp-content\/uploads\/2022\/07\/IE-hlr-praline.jpg","type":"image\/jpeg"}],"twitter_card":"summary_large_image","twitter_misc":{"Est. reading time":"5 minutes"},"schema":{"@context":"https:\/\/schema.org","@graph":[{"@type":"WebPage","@id":"https:\/\/www.hlr-praline.com\/en\/mentions-legales\/","url":"https:\/\/www.hlr-praline.com\/en\/mentions-legales\/","name":"HLR Praline | Mentions L\u00e9gales","isPartOf":{"@id":"https:\/\/www.hlr-praline.com\/#website"},"datePublished":"2017-10-03T13:25:35+00:00","dateModified":"2022-11-02T10:54:48+00:00","breadcrumb":{"@id":"https:\/\/www.hlr-praline.com\/en\/mentions-legales\/#breadcrumb"},"inLanguage":"en-US","potentialAction":[{"@type":"ReadAction","target":["https:\/\/www.hlr-praline.com\/en\/mentions-legales\/"]}]},{"@type":"BreadcrumbList","@id":"https:\/\/www.hlr-praline.com\/en\/mentions-legales\/#breadcrumb","itemListElement":[{"@type":"ListItem","position":1,"name":"Home","item":"https:\/\/www.hlr-praline.com\/en\/"},{"@type":"ListItem","position":2,"name":"Mentions L\u00e9gales"}]},{"@type":"WebSite","@id":"https:\/\/www.hlr-praline.com\/#website","url":"https:\/\/www.hlr-praline.com\/","name":"HLR Praline","description":"","potentialAction":[{"@type":"SearchAction","target":{"@type":"EntryPoint","urlTemplate":"https:\/\/www.hlr-praline.com\/?s={search_term_string}"},"query-input":"required name=search_term_string"}],"inLanguage":"en-US"}]}},"_links":{"self":[{"href":"https:\/\/www.hlr-praline.com\/en\/wp-json\/wp\/v2\/pages\/445"}],"collection":[{"href":"https:\/\/www.hlr-praline.com\/en\/wp-json\/wp\/v2\/pages"}],"about":[{"href":"https:\/\/www.hlr-praline.com\/en\/wp-json\/wp\/v2\/types\/page"}],"author":[{"embeddable":true,"href":"https:\/\/www.hlr-praline.com\/en\/wp-json\/wp\/v2\/users\/1"}],"replies":[{"embeddable":true,"href":"https:\/\/www.hlr-praline.com\/en\/wp-json\/wp\/v2\/comments?post=445"}],"version-history":[{"count":1,"href":"https:\/\/www.hlr-praline.com\/en\/wp-json\/wp\/v2\/pages\/445\/revisions"}],"predecessor-version":[{"id":448,"href":"https:\/\/www.hlr-praline.com\/en\/wp-json\/wp\/v2\/pages\/445\/revisions\/448"}],"wp:attachment":[{"href":"https:\/\/www.hlr-praline.com\/en\/wp-json\/wp\/v2\/media?parent=445"}],"curies":[{"name":"wp","href":"https:\/\/api.w.org\/{rel}","templated":true}]}}